{"id":558,"date":"2025-03-18T08:58:25","date_gmt":"2025-03-18T08:58:25","guid":{"rendered":"https:\/\/elianagutierrez.com\/?page_id=558"},"modified":"2025-06-16T09:33:42","modified_gmt":"2025-06-16T09:33:42","slug":"politica-de-privacidad","status":"publish","type":"page","link":"https:\/\/elianagutierrez.com\/en\/politica-de-privacidad\/","title":{"rendered":"Privacy policy"},"content":{"rendered":"<div data-elementor-type=\"wp-page\" data-elementor-id=\"558\" class=\"elementor elementor-558\" data-elementor-post-type=\"page\">\n\t\t\t\t<div class=\"elementor-element elementor-element-950c596 e-flex e-con-boxed e-con e-parent\" data-id=\"950c596\" data-element_type=\"container\">\n\t\t\t\t\t<div class=\"e-con-inner\">\n\t\t\t\t<div class=\"elementor-element elementor-element-88ce8fb elementor-widget elementor-widget-heading\" data-id=\"88ce8fb\" data-element_type=\"widget\" data-widget_type=\"heading.default\">\n\t\t\t\t<div class=\"elementor-widget-container\">\n\t\t\t\t\t<h1 class=\"elementor-heading-title elementor-size-default\">Privacy policy<\/h1>\t\t\t\t<\/div>\n\t\t\t\t<\/div>\n\t\t\t\t<div class=\"elementor-element elementor-element-f6caf65 elementor-widget elementor-widget-text-editor\" data-id=\"f6caf65\" data-element_type=\"widget\" data-widget_type=\"text-editor.default\">\n\t\t\t\t<div class=\"elementor-widget-container\">\n\t\t\t\t\t\t\t\t\t<p><span style=\"font-weight: 400;\">This Privacy Policy together with the Rules of Participation and the Legal Notice constitute the legal framework governing the use of the website. <strong><a href=\"https:\/\/elianagutierrez.com\/en\/\">https:\/\/elianagutierrez.com<\/a><\/strong><\/span><strong>.<\/strong><span style=\"font-weight: 400;\"> This Privacy Policy specifically regulates the use and treatment that THE COMPANY gives to your personal data as a user of the Website, since by accessing this website you become a user of this website (hereinafter, the \"User\").<\/span><\/p><p><b>This website is owned by:<\/b><\/p><p><span style=\"font-weight: 400;\">Eliana Guti\u00e9rrez Fern\u00e1ndez, with registered office at Avenida de B\u00e9lgica 824 and tax identification number: 24275314X<\/span><span style=\"font-weight: 400;\">\u00a0<\/span><span style=\"font-weight: 400;\">,<\/span><span style=\"font-weight: 400;\"> hereinafter referred to as the COMPANY.<\/span><\/p><p><span style=\"font-weight: 400;\">\u00a0This Privacy Policy is available on the Website in Catalan so that you can consult, file or print it at any time. It is possible that it may change over time as a result of changes to the Website, new legislative or jurisprudential developments or new criteria from the Spanish Data Protection Agency or new European regulations that require us to make future modifications. Therefore, the COMPANY reserves the right to modify this Privacy Policy and recommends that you read the Privacy Policy carefully whenever you access the Website.<\/span><\/p><p><b>Confidentiality<\/b><b><br \/><\/b><span style=\"font-weight: 400;\">THE COMPANY undertakes to comply with its obligation of secrecy of personal data and the duty to keep them confidential and adopts the necessary measures to avoid their alteration, loss, processing or unauthorised access, taking into account at all times the state of technology.<\/span><\/p><p><b>Data security<\/b><b><br \/><\/b><span style=\"font-weight: 400;\">THE COMPANY guarantees the adoption of the appropriate measures to ensure the confidential treatment of this data. Therefore, it has implemented all the necessary technical and organisational security measures to guarantee the integrity, confidentiality and availability of the personal data provided by the user, in particular those stipulated in the RGDP (General Data Protection Regulation - EU 2016) \/679, of 27 April), which has extended the scope of Organic Law 15\/1999, of 13 December, on the Protection of Personal Data (LOPD) and its Development Regulation RD 1720\/2007.<\/span><\/p><p><b>Protection of personal data<\/b><b><br \/><\/b><span style=\"font-weight: 400;\">The personal data provided voluntarily will be treated confidentially, under the protection and specifications contained in the current regulations, and will be collected in a file duly registered with the Data Protection Agency, for which THE COMPANY is responsible, and the purpose of which is the management of users and subscribers, as well as the online sale of products and the resolution of queries.<\/span><\/p><p><span style=\"font-weight: 400;\">The legal basis for data processing is the consent of the subscriber. We process the personal data of newsletter subscribers for the sole purpose of sending them our newsletter. We process the personal data of registered users and paying subscribers for the sole purpose of managing their relationship with THE COMPANY, the collection of fees (where applicable), the organisation of activities and campaigns and the sending of information and commercial communications (including by electronic means).<\/span><\/p><p><span style=\"font-weight: 400;\">Personal data will not be disclosed to third parties (except where required by law) and will be kept for a period of six (6) years in accordance with the accounting regulations in force and, where applicable, for ten (10) years in accordance with the regulations on the prevention of money laundering.<\/span><\/p><p><span style=\"font-weight: 400;\">The user may access the personal data, as well as request the rectification of inaccurate data or, where appropriate, request cancellation or deletion when the data are no longer necessary for the purposes collected. You may also request the limitation, portability and opposition of the processing of your data, in certain circumstances and for reasons related to your particular situation.<\/span><\/p><p><span style=\"font-weight: 400;\">You may revoke your consent to the sending of commercial communications and exercise the aforementioned rights by sending an e-mail to <strong><a href=\"https:\/\/elianagutierrez.com\/en\/declaracion-de-accesibilidad\/?preview_id=552&amp;preview_nonce=815ac6a022&amp;preview=true\"><span class=\"elementor-icon-list-text\">eliana@elianagutierrez.com<\/span><\/a><\/strong><\/span><span style=\"font-weight: 400;\"><strong>\u00a0<\/strong>or by ordinary mail to the person responsible for the file located at the registered address of THE COMPANY, in both cases with the reference: \"Data Protection\", by means of a signed letter to that effect and enclosing a copy of your ID card or passport.<\/span><\/p><p><b>Information about cookies<\/b><b><br \/><\/b><span style=\"font-weight: 400;\">The website uses cookies when users browse its websites in order to facilitate the personalisation and convenience of browsing.<\/span><\/p><p><span style=\"font-weight: 400;\">A cookie is a piece of information sent from a web page server to a browser that can be returned by the browser on subsequent accesses to that server. Cookies are associated with the anonymous user and his or her computer and do not in themselves provide the name or surname of the user.<\/span><\/p><p><span style=\"font-weight: 400;\">Google cookies are used on this website to serve ads based on previous visits to the website or to other websites that also serve Google ads. Users can opt out of being tracked by advertising cookies by going to:<\/span><a href=\"https:\/\/www.google.com\/settings\/ads\" target=\"_blank\" rel=\"noopener\"> <span style=\"font-weight: 400;\">https:\/\/www.google.com\/settings\/ads<\/span><\/a><\/p><p><b>Type of cookies<\/b><b><br \/><\/b><span style=\"font-weight: 400;\">Registration Cookies: To identify the user who has logged in.<\/span><span style=\"font-weight: 400;\"><br \/><\/span><span style=\"font-weight: 400;\">Advertising Cookies: In order to offer advertising content related to the user's interests, either directly or through third parties called Adservers.<\/span><span style=\"font-weight: 400;\"><br \/><\/span><span style=\"font-weight: 400;\">Analytical Cookies: To obtain information related to audience measurement.<\/span><span style=\"font-weight: 400;\"><br \/><\/span><span style=\"font-weight: 400;\">Geo-location cookies: These give information about the geographic location of the user.<\/span><span style=\"font-weight: 400;\"><br \/><\/span><span style=\"font-weight: 400;\">The user has the possibility of configuring their browser so that they are informed of the reception of cookies, with the possibility, if they wish, of preventing them from being installed on their hard drive. However, the installation of cookies is not required to access the website.<\/span><\/p><p><span style=\"font-weight: 400;\">Depending on the type of browser you use, you can disable the use of cookies in:<\/span><\/p><p><span style=\"font-weight: 400;\">Chrome: Settings &gt; Advanced settings &gt; Privacy and security &gt; Content settings<\/span><span style=\"font-weight: 400;\"><br \/><\/span><span style=\"font-weight: 400;\">Firefox: Options &gt; Privacy and security<\/span><span style=\"font-weight: 400;\"><br \/><\/span><span style=\"font-weight: 400;\">Edge: Settings &gt; Advanced settings &gt; Privacy and services<\/span><span style=\"font-weight: 400;\"><br \/><\/span><span style=\"font-weight: 400;\">Safari: Preferences &gt; Privacy<\/span><\/p><p><b>LSSICE<\/b><b><br \/><\/b><span style=\"font-weight: 400;\">We also inform you that we do not use this data to send unsolicited commercial communications by e-mail or not expressly and previously authorised by the interested party, as stipulated in the LSSICE.<\/span><\/p><p><b>Communications<\/b><b><br \/><\/b><span style=\"font-weight: 400;\">To carry out any notification in relation to the present contract, the COMPANY expressly designates as address the one that appears in the present text and the user expressly designates as address the one that appears in the application form. In order to carry out the contracting, the user is obliged to maintain operative, active and updated the electronic mail address (e-mail) provided for communications with the COMPANY, since it constitutes the preferential means of communication (although not the only one). In general, the user undertakes and undertakes to keep his\/her personal and contact details permanently updated; and must communicate, in a reliable manner, any change. Failure to do so will mean that notifications sent to the address given on the form will be considered valid.<\/span><\/p><p><b>Invalidity and ineffectiveness of clauses<\/b><b><br \/><\/b><span style=\"font-weight: 400;\">If any clause of this Privacy Policy together with the Privacy Policy and the Cookies Policy is declared totally or partially null or ineffective, it will only affect that provision or part of the same that is null or ineffective, with the rest of the general conditions subsisting in all other respects and the provision or part of the same that is affected being considered as not included, unless, if it is essential to these general conditions, it should affect them in an integral manner.<\/span><\/p><p><b>Applicable law and jurisdiction<\/b><b><br \/><\/b><span style=\"font-weight: 400;\">For the resolution of all disputes or questions related to this website or the activities that are carried out, Spanish legislation shall apply in all cases, to which the parties expressly submit themselves. The mere fact of using the services of this website presupposes the express acceptance of said acceptance of Spanish jurisdiction.<\/span><\/p><p><span style=\"font-weight: 400;\">Likewise, and with the exception of what is expressed in the following paragraph, the intervening parties agree that any litigation, discrepancy, question or claim resulting from the execution or interpretation of the present conditions or related, or other texts that may exist on the website, will be definitively resolved by submission to the Courts and Tribunals of Barcelona, expressly waiving any other jurisdiction or jurisdiction that may be competent.<\/span><\/p><p><span style=\"font-weight: 400;\">The previous paragraph does not apply in the event that one of the parties is a consumer or user according to the definition of the regulations for the protection of Consumers and Users (Royal Legislative Decree 1\/2007, of 16 November, approving the revised text of the General Law for the Defence of Consumers and Users and other complementary laws), in which case (and for a related conflict covered by the Law) the position designated in said legislation would be applied in preference.<\/span><\/p>\t\t\t\t\t\t\t\t<\/div>\n\t\t\t\t<\/div>\n\t\t\t\t\t<\/div>\n\t\t\t\t<\/div>\n\t\t<div class=\"elementor-element elementor-element-9247bd1 e-flex e-con-boxed e-con e-parent\" data-id=\"9247bd1\" data-element_type=\"container\">\n\t\t\t\t\t<div class=\"e-con-inner\">\n\t\t<div class=\"elementor-element elementor-element-4394b30 e-con-full e-flex e-con e-child\" data-id=\"4394b30\" data-element_type=\"container\">\n\t\t\t\t<div class=\"elementor-element elementor-element-51dc850 elementor-widget elementor-widget-image\" data-id=\"51dc850\" data-element_type=\"widget\" data-widget_type=\"image.default\">\n\t\t\t\t<div class=\"elementor-widget-container\">\n\t\t\t\t\t\t\t\t\t\t\t\t\t\t\t<img fetchpriority=\"high\" decoding=\"async\" width=\"1024\" height=\"920\" src=\"https:\/\/elianagutierrez.com\/wp-content\/uploads\/2025\/02\/Lets-talk-1024x920.png\" class=\"attachment-large size-large wp-image-103\" alt=\"cont\u00e1ctanos\" srcset=\"https:\/\/elianagutierrez.com\/wp-content\/uploads\/2025\/02\/Lets-talk-1024x920.png 1024w, https:\/\/elianagutierrez.com\/wp-content\/uploads\/2025\/02\/Lets-talk-300x270.png 300w, https:\/\/elianagutierrez.com\/wp-content\/uploads\/2025\/02\/Lets-talk-768x690.png 768w, https:\/\/elianagutierrez.com\/wp-content\/uploads\/2025\/02\/Lets-talk-1536x1380.png 1536w, https:\/\/elianagutierrez.com\/wp-content\/uploads\/2025\/02\/Lets-talk-13x12.png 13w, https:\/\/elianagutierrez.com\/wp-content\/uploads\/2025\/02\/Lets-talk.png 1718w\" sizes=\"(max-width: 1024px) 100vw, 1024px\" title=\"\">\t\t\t\t\t\t\t\t\t\t\t\t\t\t\t<\/div>\n\t\t\t\t<\/div>\n\t\t\t\t<\/div>\n\t\t<div class=\"elementor-element elementor-element-0488e22 e-con-full e-flex e-con e-child\" data-id=\"0488e22\" data-element_type=\"container\">\n\t\t\t\t<div class=\"elementor-element elementor-element-180ace9 elementor-widget elementor-widget-heading\" data-id=\"180ace9\" data-element_type=\"widget\" data-widget_type=\"heading.default\">\n\t\t\t\t<div class=\"elementor-widget-container\">\n\t\t\t\t\t<p class=\"elementor-heading-title elementor-size-default\">All Images \u00a9 Eliana Guti\u00e9rrez<\/p>\t\t\t\t<\/div>\n\t\t\t\t<\/div>\n\t\t\t\t<div class=\"elementor-element elementor-element-8be2592 elementor-icon-list--layout-traditional elementor-list-item-link-full_width elementor-widget elementor-widget-icon-list\" data-id=\"8be2592\" data-element_type=\"widget\" data-widget_type=\"icon-list.default\">\n\t\t\t\t<div class=\"elementor-widget-container\">\n\t\t\t\t\t\t\t<ul class=\"elementor-icon-list-items\">\n\t\t\t\t\t\t\t<li class=\"elementor-icon-list-item\">\n\t\t\t\t\t\t\t\t\t\t\t<a href=\"\">\n\n\t\t\t\t\t\t\t\t\t\t\t\t<span class=\"elementor-icon-list-icon\">\n\t\t\t\t\t\t\t<svg aria-hidden=\"true\" class=\"e-font-icon-svg e-far-envelope\" viewbox=\"0 0 512 512\" xmlns=\"http:\/\/www.w3.org\/2000\/svg\"><path d=\"M464 64H48C21.49 64 0 85.49 0 112v288c0 26.51 21.49 48 48 48h416c26.51 0 48-21.49 48-48V112c0-26.51-21.49-48-48-48zm0 48v40.805c-22.422 18.259-58.168 46.651-134.587 106.49-16.841 13.247-50.201 45.072-73.413 44.701-23.208.375-56.579-31.459-73.413-44.701C106.18 199.465 70.425 171.067 48 152.805V112h416zM48 400V214.398c22.914 18.251 55.409 43.862 104.938 82.646 21.857 17.205 60.134 55.186 103.062 54.955 42.717.231 80.509-37.199 103.053-54.947 49.528-38.783 82.032-64.401 104.947-82.653V400H48z\"><\/path><\/svg>\t\t\t\t\t\t<\/span>\n\t\t\t\t\t\t\t\t\t\t<span class=\"elementor-icon-list-text\">eliana@elianagutierrez.com<\/span>\n\t\t\t\t\t\t\t\t\t\t\t<\/a>\n\t\t\t\t\t\t\t\t\t<\/li>\n\t\t\t\t\t\t<\/ul>\n\t\t\t\t\t\t<\/div>\n\t\t\t\t<\/div>\n\t\t\t\t<\/div>\n\t\t<div class=\"elementor-element elementor-element-0c5f353 e-con-full e-flex e-con e-child\" data-id=\"0c5f353\" data-element_type=\"container\">\n\t\t\t\t<div class=\"elementor-element elementor-element-5867a39 elementor-align-right elementor-widget elementor-widget-breadcrumbs\" data-id=\"5867a39\" data-element_type=\"widget\" data-widget_type=\"breadcrumbs.default\">\n\t\t\t\t<div class=\"elementor-widget-container\">\n\t\t\t\t\t<nav aria-label=\"breadcrumbs\" class=\"rank-math-breadcrumb\"><p><span class=\"last\">Start<\/span><\/p><\/nav>\t\t\t\t<\/div>\n\t\t\t\t<\/div>\n\t\t\t\t<div class=\"elementor-element elementor-element-f6082ae elementor-icon-list--layout-inline elementor-align-end elementor-mobile-align-center elementor-list-item-link-full_width elementor-widget elementor-widget-icon-list\" data-id=\"f6082ae\" data-element_type=\"widget\" data-widget_type=\"icon-list.default\">\n\t\t\t\t<div class=\"elementor-widget-container\">\n\t\t\t\t\t\t\t<ul class=\"elementor-icon-list-items elementor-inline-items\">\n\t\t\t\t\t\t\t<li class=\"elementor-icon-list-item elementor-inline-item\">\n\t\t\t\t\t\t\t\t\t\t\t<a href=\"https:\/\/elianagutierrez.com\/en\/aviso-legal\/\">\n\n\t\t\t\t\t\t\t\t\t\t\t<span class=\"elementor-icon-list-text\">Legal notice<\/span>\n\t\t\t\t\t\t\t\t\t\t\t<\/a>\n\t\t\t\t\t\t\t\t\t<\/li>\n\t\t\t\t\t\t\t\t<li class=\"elementor-icon-list-item elementor-inline-item\">\n\t\t\t\t\t\t\t\t\t\t\t<a href=\"https:\/\/elianagutierrez.com\/en\/politica-de-cookies\/\">\n\n\t\t\t\t\t\t\t\t\t\t\t<span class=\"elementor-icon-list-text\">Cookies policy<\/span>\n\t\t\t\t\t\t\t\t\t\t\t<\/a>\n\t\t\t\t\t\t\t\t\t<\/li>\n\t\t\t\t\t\t\t\t<li class=\"elementor-icon-list-item elementor-inline-item\">\n\t\t\t\t\t\t\t\t\t\t\t<a href=\"https:\/\/elianagutierrez.com\/en\/politica-de-privacidad\/\">\n\n\t\t\t\t\t\t\t\t\t\t\t<span class=\"elementor-icon-list-text\">Privacy policy<\/span>\n\t\t\t\t\t\t\t\t\t\t\t<\/a>\n\t\t\t\t\t\t\t\t\t<\/li>\n\t\t\t\t\t\t\t\t<li class=\"elementor-icon-list-item elementor-inline-item\">\n\t\t\t\t\t\t\t\t\t\t\t<a href=\"https:\/\/elianagutierrez.com\/en\/declaracion-de-accesibilidad\/\">\n\n\t\t\t\t\t\t\t\t\t\t\t<span class=\"elementor-icon-list-text\">Accessibility statement<\/span>\n\t\t\t\t\t\t\t\t\t\t\t<\/a>\n\t\t\t\t\t\t\t\t\t<\/li>\n\t\t\t\t\t\t<\/ul>\n\t\t\t\t\t\t<\/div>\n\t\t\t\t<\/div>\n\t\t\t\t<\/div>\n\t\t\t\t\t<\/div>\n\t\t\t\t<\/div>\n\t\t\t\t<\/div>","protected":false},"excerpt":{"rendered":"<p>This Privacy Policy, together with the Rules of Participation and the legal notice, constitutes the legal framework that [\u2026]<\/p>","protected":false},"author":1,"featured_media":0,"parent":0,"menu_order":0,"comment_status":"closed","ping_status":"closed","template":"","meta":{"site-sidebar-layout":"no-sidebar","site-content-layout":"","ast-site-content-layout":"full-width-container","site-content-style":"default","site-sidebar-style":"default","ast-global-header-display":"","ast-banner-title-visibility":"","ast-main-header-display":"","ast-hfb-above-header-display":"","ast-hfb-below-header-display":"","ast-hfb-mobile-header-display":"","site-post-title":"disabled","ast-breadcrumbs-content":"","ast-featured-img":"disabled","footer-sml-layout":"","ast-disable-related-posts":"","theme-transparent-header-meta":"","adv-header-id-meta":"","stick-header-meta":"","header-above-stick-meta":"","header-main-stick-meta":"","header-below-stick-meta":"","astra-migrate-meta-layouts":"default","ast-page-background-enabled":"default","ast-page-background-meta":{"desktop":{"background-color":"var(--ast-global-color-5)","background-image":"","background-repeat":"repeat","background-position":"center center","background-size":"auto","background-attachment":"scroll","background-type":"","background-media":"","overlay-type":"","overlay-color":"","overlay-opacity":"","overlay-gradient":""},"tablet":{"background-color":"","background-image":"","background-repeat":"repeat","background-position":"center center","background-size":"auto","background-attachment":"scroll","background-type":"","background-media":"","overlay-type":"","overlay-color":"","overlay-opacity":"","overlay-gradient":""},"mobile":{"background-color":"","background-image":"","background-repeat":"repeat","background-position":"center center","background-size":"auto","background-attachment":"scroll","background-type":"","background-media":"","overlay-type":"","overlay-color":"","overlay-opacity":"","overlay-gradient":""}},"ast-content-background-meta":{"desktop":{"background-color":"var(--ast-global-color-4)","background-image":"","background-repeat":"repeat","background-position":"center center","background-size":"auto","background-attachment":"scroll","background-type":"","background-media":"","overlay-type":"","overlay-color":"","overlay-opacity":"","overlay-gradient":""},"tablet":{"background-color":"var(--ast-global-color-4)","background-image":"","background-repeat":"repeat","background-position":"center center","background-size":"auto","background-attachment":"scroll","background-type":"","background-media":"","overlay-type":"","overlay-color":"","overlay-opacity":"","overlay-gradient":""},"mobile":{"background-color":"var(--ast-global-color-4)","background-image":"","background-repeat":"repeat","background-position":"center center","background-size":"auto","background-attachment":"scroll","background-type":"","background-media":"","overlay-type":"","overlay-color":"","overlay-opacity":"","overlay-gradient":""}},"footnotes":""},"class_list":["post-558","page","type-page","status-publish","hentry"],"_links":{"self":[{"href":"https:\/\/elianagutierrez.com\/en\/wp-json\/wp\/v2\/pages\/558","targetHints":{"allow":["GET"]}}],"collection":[{"href":"https:\/\/elianagutierrez.com\/en\/wp-json\/wp\/v2\/pages"}],"about":[{"href":"https:\/\/elianagutierrez.com\/en\/wp-json\/wp\/v2\/types\/page"}],"author":[{"embeddable":true,"href":"https:\/\/elianagutierrez.com\/en\/wp-json\/wp\/v2\/users\/1"}],"replies":[{"embeddable":true,"href":"https:\/\/elianagutierrez.com\/en\/wp-json\/wp\/v2\/comments?post=558"}],"version-history":[{"count":16,"href":"https:\/\/elianagutierrez.com\/en\/wp-json\/wp\/v2\/pages\/558\/revisions"}],"predecessor-version":[{"id":1082,"href":"https:\/\/elianagutierrez.com\/en\/wp-json\/wp\/v2\/pages\/558\/revisions\/1082"}],"wp:attachment":[{"href":"https:\/\/elianagutierrez.com\/en\/wp-json\/wp\/v2\/media?parent=558"}],"curies":[{"name":"wp","href":"https:\/\/api.w.org\/{rel}","templated":true}]}}