{"id":539,"date":"2025-03-18T08:47:06","date_gmt":"2025-03-18T08:47:06","guid":{"rendered":"https:\/\/elianagutierrez.com\/?page_id=539"},"modified":"2025-06-16T09:32:49","modified_gmt":"2025-06-16T09:32:49","slug":"aviso-legal","status":"publish","type":"page","link":"https:\/\/elianagutierrez.com\/en\/aviso-legal\/","title":{"rendered":"Legal notice"},"content":{"rendered":"<div data-elementor-type=\"wp-page\" data-elementor-id=\"539\" class=\"elementor elementor-539\" data-elementor-post-type=\"page\">\n\t\t\t\t<div class=\"elementor-element elementor-element-b436fce e-flex e-con-boxed e-con e-parent\" data-id=\"b436fce\" data-element_type=\"container\">\n\t\t\t\t\t<div class=\"e-con-inner\">\n\t\t\t\t<div class=\"elementor-element elementor-element-5ef560b elementor-widget elementor-widget-heading\" data-id=\"5ef560b\" data-element_type=\"widget\" data-widget_type=\"heading.default\">\n\t\t\t\t<div class=\"elementor-widget-container\">\n\t\t\t\t\t<h1 class=\"elementor-heading-title elementor-size-default\">Legal notice<\/h1>\t\t\t\t<\/div>\n\t\t\t\t<\/div>\n\t\t\t\t<div class=\"elementor-element elementor-element-d88e8ca elementor-widget elementor-widget-text-editor\" data-id=\"d88e8ca\" data-element_type=\"widget\" data-widget_type=\"text-editor.default\">\n\t\t\t\t<div class=\"elementor-widget-container\">\n\t\t\t\t\t\t\t\t\t<p><b>IDENTITY OF THE WEBSITE OWNER<\/b><\/p><p><b>Trade name: <\/b>Eliana Guti\u00e9rrez<\/p><p><b>Company name: <\/b>Eliana Guti\u00e9rrez Fern\u00e1ndez <span style=\"font-weight: 400;\">(from now on THE WEB-HOLDER)<\/span><\/p><p><b>NIF:<\/b> 24275314X<\/p><p><b>Address:\u00a0<\/b>824 Avenue de Belgique<\/p><p><b>Telephone: <\/b>+34626282127<\/p><p><b>eMail: <a href=\"https:\/\/elianagutierrez.com\/en\/aviso-legal\/?preview_id=539&amp;preview_nonce=8ceec7735b&amp;preview=true\"><span class=\"elementor-icon-list-text\">eliana@elianagutierrez.com<\/span><\/a><\/b><\/p><p>\u00a0<\/p><p><b>LEGAL TERMS AND CONDITIONS<\/b><\/p><p><span style=\"font-weight: 400;\">The use of this website confers on the user the status of user of the site, which implies adherence to these terms and conditions in the version published at the time the entry is permitted. Therefore, THE HOLDER OF THE WEBSITE recommends the user to read them carefully each time he\/she accesses the website. Access to certain content offered through this website may be subject to certain specific conditions which, depending on the case, replace, complete and\/or modify these general conditions. Therefore, prior to accessing and\/or using these contents, the user must also carefully read the corresponding specific conditions. THE HOLDER OF THE WEBSITE may alter at any time and without prior notice, the design, presentation and\/or configuration of the website, as well as some or all of the Contents, and modify the general conditions and\/or specific conditions required to use them.<\/span><\/p><p><span style=\"font-weight: 400;\">\u00a0<\/span><\/p><p><b>RESPONSIBILITY AND GUARANTEE OF THE OWNER OF THE WEBSITE<\/b><\/p><p><b>ACCESS<\/b><\/p><p><span style=\"font-weight: 400;\">In general, users may access the website freely and free of charge. However, THE WEBSITE OWNER reserves the right, in accordance with current legislation, to limit access to certain areas of the website. In these cases, as a prerequisite for accessing the service, the User must register by providing all the information requested, in an updated and real form (see privacy policy). The use of the password is personal and non-transferable, and it may not be transferred, even temporarily, to third parties. In this sense, the User undertakes to do one is diligent and keep it secret, assuming all responsibility for the consequences of its disclosure to third parties.<\/span><\/p><p><span style=\"font-weight: 400;\">\u00a0<\/span><\/p><p><b>CONTENTS<\/b><\/p><p><span style=\"font-weight: 400;\">THE HOLDER OF THE WEBSITE reserves the right to interrupt access to its website, as well as the provision of any or all of the Content provided through it at any time and without prior notice, whether for technical, security, control, maintenance, power failure or any other cause. This interruption may be temporary or permanent, in which case Users will be informed of this circumstance and may suffer the loss, if applicable, of the information stored in the different services. Consequently, THE HOLDER OF THE WEBSITE does not guarantee the reliability, availability or continuity of its website or the Contents, both its own and those of other websites that can be accessed through links, so that the use thereof by the User is carried out at their own risk, without, at any time, can be held liable to THE HOLDER OF THE WEBSITE in this regard. THE HOLDER OF THE WEBSITE shall not be liable for any damages, losses, claims or expenses of any kind, the information acquired or accessed by or through the website, computer viruses, operational failures or interruptions in service or transmission, or line failures. It is forbidden to transmit or send through the website any illegal or illicit content, computer viruses, or messages that, in general, affect or violate the rights of THE HOLDER OF THE WEBSITE or third parties.<\/span><\/p><p><span style=\"font-weight: 400;\">\u00a0<\/span><\/p><p><b>INDUSTRIAL AND INTELLECTUAL PROPERTY<\/b><\/p><p><span style=\"font-weight: 400;\">This website is the property of THE HOLDER OF THE WEBSITE. The Intellectual Property rights and rights of exploitation and reproduction of this website, its pages, screens, the information they contain, their appearance and design, as well as the links established from it to other pages, are the exclusive property of the same, unless otherwise specified. All the names, designs and\/or logos that make up this page are duly registered trademarks. Any improper use of these by anyone other than their legitimate owner may be prosecuted in accordance with current legislation. The intellectual property rights and trademarks of third parties are suitably highlighted and must be respected by anyone accessing the website. Only for personal and private use is it permitted to download the contents, copy or print any page of this website. It is forbidden to reproduce, transmit, modify or delete the information, content or warnings on this website without the prior written permission of THE HOLDER OF THE WEBSITE.<\/span><\/p><p><span style=\"font-weight: 400;\">\u00a0<\/span><\/p><p><b>APPLICABLE LAW<\/b><\/p><p><span style=\"font-weight: 400;\">These general conditions are governed by Spanish law.<\/span><\/p><p><span style=\"font-weight: 400;\">\u00a0<\/span><\/p><p><b>PRIVACY POLICY<\/b><\/p><p><span style=\"font-weight: 400;\">For the purposes of the provisions of current legislation on the protection of personal data, THE HOLDER OF THE WEBSITE informs that the personal data that you may provide while browsing our website will be incorporated into a data processing under the responsibility of THE HOLDER OF THE WEBSITE, for the sole purpose of being able to manage your request. Only if the user has given express consent, THE HOLDER OF THE WEBSITE will send information; technical, operational and commercial, by any means, including email and \/ or equivalent means, about products, services, offers and news that we consider of interest to the user. THE HOLDER OF THE WEBSITE undertakes to comply with its obligation of secrecy of personal data and its duty to store and adopt the necessary measures to prevent its alteration, loss, treatment or unauthorised access, taking into account at all times the state of technology, complying with the technical and organisational security measures. Finally, we inform you of the possibility of exercising your rights of access, rectification, cancellation and opposition by means of a form addressed to the system administrator.<\/span><\/p>\t\t\t\t\t\t\t\t<\/div>\n\t\t\t\t<\/div>\n\t\t\t\t\t<\/div>\n\t\t\t\t<\/div>\n\t\t<div class=\"elementor-element elementor-element-57066f8 e-flex e-con-boxed e-con e-parent\" data-id=\"57066f8\" data-element_type=\"container\">\n\t\t\t\t\t<div class=\"e-con-inner\">\n\t\t<div class=\"elementor-element elementor-element-d4ddd04 e-con-full e-flex e-con e-child\" data-id=\"d4ddd04\" data-element_type=\"container\">\n\t\t\t\t<div class=\"elementor-element elementor-element-0692150 elementor-widget elementor-widget-image\" data-id=\"0692150\" data-element_type=\"widget\" data-widget_type=\"image.default\">\n\t\t\t\t<div class=\"elementor-widget-container\">\n\t\t\t\t\t\t\t\t\t\t\t\t\t\t\t<img fetchpriority=\"high\" decoding=\"async\" width=\"1024\" height=\"920\" src=\"https:\/\/elianagutierrez.com\/wp-content\/uploads\/2025\/02\/Lets-talk-1024x920.png\" class=\"attachment-large size-large wp-image-103\" alt=\"cont\u00e1ctanos\" srcset=\"https:\/\/elianagutierrez.com\/wp-content\/uploads\/2025\/02\/Lets-talk-1024x920.png 1024w, https:\/\/elianagutierrez.com\/wp-content\/uploads\/2025\/02\/Lets-talk-300x270.png 300w, https:\/\/elianagutierrez.com\/wp-content\/uploads\/2025\/02\/Lets-talk-768x690.png 768w, https:\/\/elianagutierrez.com\/wp-content\/uploads\/2025\/02\/Lets-talk-1536x1380.png 1536w, https:\/\/elianagutierrez.com\/wp-content\/uploads\/2025\/02\/Lets-talk-13x12.png 13w, https:\/\/elianagutierrez.com\/wp-content\/uploads\/2025\/02\/Lets-talk.png 1718w\" sizes=\"(max-width: 1024px) 100vw, 1024px\" title=\"\">\t\t\t\t\t\t\t\t\t\t\t\t\t\t\t<\/div>\n\t\t\t\t<\/div>\n\t\t\t\t<\/div>\n\t\t<div class=\"elementor-element elementor-element-6efe8d7 e-con-full e-flex e-con e-child\" data-id=\"6efe8d7\" data-element_type=\"container\">\n\t\t\t\t<div class=\"elementor-element elementor-element-6f580ca elementor-widget elementor-widget-heading\" data-id=\"6f580ca\" data-element_type=\"widget\" data-widget_type=\"heading.default\">\n\t\t\t\t<div class=\"elementor-widget-container\">\n\t\t\t\t\t<p class=\"elementor-heading-title elementor-size-default\">All Images \u00a9 Eliana Guti\u00e9rrez<\/p>\t\t\t\t<\/div>\n\t\t\t\t<\/div>\n\t\t\t\t<div class=\"elementor-element elementor-element-0393267 elementor-icon-list--layout-traditional elementor-list-item-link-full_width elementor-widget elementor-widget-icon-list\" data-id=\"0393267\" data-element_type=\"widget\" data-widget_type=\"icon-list.default\">\n\t\t\t\t<div class=\"elementor-widget-container\">\n\t\t\t\t\t\t\t<ul class=\"elementor-icon-list-items\">\n\t\t\t\t\t\t\t<li class=\"elementor-icon-list-item\">\n\t\t\t\t\t\t\t\t\t\t\t<a href=\"\">\n\n\t\t\t\t\t\t\t\t\t\t\t\t<span class=\"elementor-icon-list-icon\">\n\t\t\t\t\t\t\t<svg aria-hidden=\"true\" class=\"e-font-icon-svg e-far-envelope\" viewbox=\"0 0 512 512\" xmlns=\"http:\/\/www.w3.org\/2000\/svg\"><path d=\"M464 64H48C21.49 64 0 85.49 0 112v288c0 26.51 21.49 48 48 48h416c26.51 0 48-21.49 48-48V112c0-26.51-21.49-48-48-48zm0 48v40.805c-22.422 18.259-58.168 46.651-134.587 106.49-16.841 13.247-50.201 45.072-73.413 44.701-23.208.375-56.579-31.459-73.413-44.701C106.18 199.465 70.425 171.067 48 152.805V112h416zM48 400V214.398c22.914 18.251 55.409 43.862 104.938 82.646 21.857 17.205 60.134 55.186 103.062 54.955 42.717.231 80.509-37.199 103.053-54.947 49.528-38.783 82.032-64.401 104.947-82.653V400H48z\"><\/path><\/svg>\t\t\t\t\t\t<\/span>\n\t\t\t\t\t\t\t\t\t\t<span class=\"elementor-icon-list-text\">eliana@elianagutierrez.com<\/span>\n\t\t\t\t\t\t\t\t\t\t\t<\/a>\n\t\t\t\t\t\t\t\t\t<\/li>\n\t\t\t\t\t\t<\/ul>\n\t\t\t\t\t\t<\/div>\n\t\t\t\t<\/div>\n\t\t\t\t<\/div>\n\t\t<div class=\"elementor-element elementor-element-4f787c4 e-con-full e-flex e-con e-child\" data-id=\"4f787c4\" data-element_type=\"container\">\n\t\t\t\t<div class=\"elementor-element elementor-element-899543f elementor-align-right elementor-widget elementor-widget-breadcrumbs\" data-id=\"899543f\" data-element_type=\"widget\" data-widget_type=\"breadcrumbs.default\">\n\t\t\t\t<div class=\"elementor-widget-container\">\n\t\t\t\t\t<nav aria-label=\"breadcrumbs\" class=\"rank-math-breadcrumb\"><p><span class=\"last\">Start<\/span><\/p><\/nav>\t\t\t\t<\/div>\n\t\t\t\t<\/div>\n\t\t\t\t<div class=\"elementor-element elementor-element-4443501 elementor-icon-list--layout-inline elementor-align-end elementor-mobile-align-center elementor-list-item-link-full_width elementor-widget elementor-widget-icon-list\" data-id=\"4443501\" data-element_type=\"widget\" data-widget_type=\"icon-list.default\">\n\t\t\t\t<div class=\"elementor-widget-container\">\n\t\t\t\t\t\t\t<ul class=\"elementor-icon-list-items elementor-inline-items\">\n\t\t\t\t\t\t\t<li class=\"elementor-icon-list-item elementor-inline-item\">\n\t\t\t\t\t\t\t\t\t\t\t<a href=\"https:\/\/elianagutierrez.com\/en\/aviso-legal\/\">\n\n\t\t\t\t\t\t\t\t\t\t\t<span class=\"elementor-icon-list-text\">Legal notice<\/span>\n\t\t\t\t\t\t\t\t\t\t\t<\/a>\n\t\t\t\t\t\t\t\t\t<\/li>\n\t\t\t\t\t\t\t\t<li class=\"elementor-icon-list-item elementor-inline-item\">\n\t\t\t\t\t\t\t\t\t\t\t<a href=\"https:\/\/elianagutierrez.com\/en\/politica-de-cookies\/\">\n\n\t\t\t\t\t\t\t\t\t\t\t<span class=\"elementor-icon-list-text\">Cookies policy<\/span>\n\t\t\t\t\t\t\t\t\t\t\t<\/a>\n\t\t\t\t\t\t\t\t\t<\/li>\n\t\t\t\t\t\t\t\t<li class=\"elementor-icon-list-item elementor-inline-item\">\n\t\t\t\t\t\t\t\t\t\t\t<a href=\"https:\/\/elianagutierrez.com\/en\/politica-de-privacidad\/\">\n\n\t\t\t\t\t\t\t\t\t\t\t<span class=\"elementor-icon-list-text\">Privacy policy<\/span>\n\t\t\t\t\t\t\t\t\t\t\t<\/a>\n\t\t\t\t\t\t\t\t\t<\/li>\n\t\t\t\t\t\t\t\t<li class=\"elementor-icon-list-item elementor-inline-item\">\n\t\t\t\t\t\t\t\t\t\t\t<a href=\"https:\/\/elianagutierrez.com\/en\/declaracion-de-accesibilidad\/\">\n\n\t\t\t\t\t\t\t\t\t\t\t<span class=\"elementor-icon-list-text\">Accessibility statement<\/span>\n\t\t\t\t\t\t\t\t\t\t\t<\/a>\n\t\t\t\t\t\t\t\t\t<\/li>\n\t\t\t\t\t\t<\/ul>\n\t\t\t\t\t\t<\/div>\n\t\t\t\t<\/div>\n\t\t\t\t<\/div>\n\t\t\t\t\t<\/div>\n\t\t\t\t<\/div>\n\t\t\t\t<\/div>","protected":false},"excerpt":{"rendered":"<p>IDENTITY OF THE WEBSITE OWNER Commercial name: Eliana Guti\u00e9rrez Company name: Eliana Guti\u00e9rrez Fern\u00e1ndez (hereinafter THE OWNER OF THE [\u2026]<\/p>","protected":false},"author":1,"featured_media":0,"parent":0,"menu_order":0,"comment_status":"closed","ping_status":"closed","template":"","meta":{"site-sidebar-layout":"no-sidebar","site-content-layout":"","ast-site-content-layout":"full-width-container","site-content-style":"default","site-sidebar-style":"default","ast-global-header-display":"","ast-banner-title-visibility":"","ast-main-header-display":"","ast-hfb-above-header-display":"","ast-hfb-below-header-display":"","ast-hfb-mobile-header-display":"","site-post-title":"disabled","ast-breadcrumbs-content":"","ast-featured-img":"disabled","footer-sml-layout":"","ast-disable-related-posts":"","theme-transparent-header-meta":"","adv-header-id-meta":"","stick-header-meta":"","header-above-stick-meta":"","header-main-stick-meta":"","header-below-stick-meta":"","astra-migrate-meta-layouts":"default","ast-page-background-enabled":"default","ast-page-background-meta":{"desktop":{"background-color":"var(--ast-global-color-5)","background-image":"","background-repeat":"repeat","background-position":"center center","background-size":"auto","background-attachment":"scroll","background-type":"","background-media":"","overlay-type":"","overlay-color":"","overlay-opacity":"","overlay-gradient":""},"tablet":{"background-color":"","background-image":"","background-repeat":"repeat","background-position":"center center","background-size":"auto","background-attachment":"scroll","background-type":"","background-media":"","overlay-type":"","overlay-color":"","overlay-opacity":"","overlay-gradient":""},"mobile":{"background-color":"","background-image":"","background-repeat":"repeat","background-position":"center center","background-size":"auto","background-attachment":"scroll","background-type":"","background-media":"","overlay-type":"","overlay-color":"","overlay-opacity":"","overlay-gradient":""}},"ast-content-background-meta":{"desktop":{"background-color":"var(--ast-global-color-4)","background-image":"","background-repeat":"repeat","background-position":"center center","background-size":"auto","background-attachment":"scroll","background-type":"","background-media":"","overlay-type":"","overlay-color":"","overlay-opacity":"","overlay-gradient":""},"tablet":{"background-color":"var(--ast-global-color-4)","background-image":"","background-repeat":"repeat","background-position":"center center","background-size":"auto","background-attachment":"scroll","background-type":"","background-media":"","overlay-type":"","overlay-color":"","overlay-opacity":"","overlay-gradient":""},"mobile":{"background-color":"var(--ast-global-color-4)","background-image":"","background-repeat":"repeat","background-position":"center center","background-size":"auto","background-attachment":"scroll","background-type":"","background-media":"","overlay-type":"","overlay-color":"","overlay-opacity":"","overlay-gradient":""}},"footnotes":""},"class_list":["post-539","page","type-page","status-publish","hentry"],"_links":{"self":[{"href":"https:\/\/elianagutierrez.com\/en\/wp-json\/wp\/v2\/pages\/539","targetHints":{"allow":["GET"]}}],"collection":[{"href":"https:\/\/elianagutierrez.com\/en\/wp-json\/wp\/v2\/pages"}],"about":[{"href":"https:\/\/elianagutierrez.com\/en\/wp-json\/wp\/v2\/types\/page"}],"author":[{"embeddable":true,"href":"https:\/\/elianagutierrez.com\/en\/wp-json\/wp\/v2\/users\/1"}],"replies":[{"embeddable":true,"href":"https:\/\/elianagutierrez.com\/en\/wp-json\/wp\/v2\/comments?post=539"}],"version-history":[{"count":18,"href":"https:\/\/elianagutierrez.com\/en\/wp-json\/wp\/v2\/pages\/539\/revisions"}],"predecessor-version":[{"id":1073,"href":"https:\/\/elianagutierrez.com\/en\/wp-json\/wp\/v2\/pages\/539\/revisions\/1073"}],"wp:attachment":[{"href":"https:\/\/elianagutierrez.com\/en\/wp-json\/wp\/v2\/media?parent=539"}],"curies":[{"name":"wp","href":"https:\/\/api.w.org\/{rel}","templated":true}]}}